{"id":6,"date":"2019-07-24T14:11:19","date_gmt":"2019-07-24T12:11:19","guid":{"rendered":"http:\/\/feuerwehr-heist.com\/?page_id=6"},"modified":"2025-12-04T11:28:01","modified_gmt":"2025-12-04T10:28:01","slug":"startseite","status":"publish","type":"page","link":"https:\/\/feuerwehr-heist.de\/","title":{"rendered":"Startseite"},"content":{"rendered":"\n\n\t<strong>F\u00fcr aktuelle Informationen und brandhei\u00dfe News besucht auch unsere<br \/>\nSocial-Media-Kan\u00e4le bei Facebook und Instagram<\/strong>\n<p>&nbsp;<\/p>\n\t<em><strong>Notruf\u00a0 112<br \/>\nRetten &#8211; L\u00f6schen &#8211; Bergen &#8211; Sch\u00fctzen<br \/>\n<\/strong><\/em>\n\t\t\t\t<img decoding=\"async\" src=\"https:\/\/feuerwehr-heist.de\/wp-content\/uploads\/2023\/08\/IMG_0393-scaled.jpg\" alt=\"IMG_0393\" itemprop=\"image\" height=\"1920\" width=\"2560\" title=\"IMG_0393\" onerror=\"this.style.display='none'\" loading=\"lazy\" \/>\n\t\t\t\t<img decoding=\"async\" src=\"https:\/\/feuerwehr-heist.de\/wp-content\/uploads\/2023\/08\/IMG_1771-scaled.jpg\" alt=\"IMG_1771\" itemprop=\"image\" height=\"2560\" width=\"1920\" title=\"IMG_1771\" onerror=\"this.style.display='none'\" loading=\"lazy\" \/>\n\t\t\t\t<img decoding=\"async\" src=\"https:\/\/feuerwehr-heist.de\/wp-content\/uploads\/2023\/01\/JF_Fahrz_mit_Anh-e1675182520615.jpeg\" alt=\"JF_Fahrz_mit_Anh\" itemprop=\"image\" height=\"880\" width=\"1200\" title=\"JF_Fahrz_mit_Anh\" onerror=\"this.style.display='none'\" loading=\"lazy\" \/>\n\t\t\t\t<img decoding=\"async\" src=\"https:\/\/feuerwehr-heist.de\/wp-content\/uploads\/2023\/08\/20230429_183617-scaled-e1690989190218.jpg\" alt=\"20230429_183617\" itemprop=\"image\" height=\"1241\" width=\"1369\" title=\"20230429_183617\" onerror=\"this.style.display='none'\" loading=\"lazy\" \/>\n\t\t\t\t<img decoding=\"async\" src=\"https:\/\/feuerwehr-heist.de\/wp-content\/uploads\/2023\/02\/uebung-6.jpg\" alt=\"uebung-6\" itemprop=\"image\" height=\"709\" width=\"945\" title=\"uebung-6\" onerror=\"this.style.display='none'\" loading=\"lazy\" \/>\n\t\t\t\t<img decoding=\"async\" src=\"https:\/\/feuerwehr-heist.de\/wp-content\/uploads\/2023\/02\/4641870-scaled.jpg\" alt=\"_4641870\" itemprop=\"image\" height=\"1707\" width=\"2560\" title=\"_4641870\" onerror=\"this.style.display='none'\" loading=\"lazy\" \/>\n\t\n\n","protected":false},"excerpt":{"rendered":"<p>F\u00fcr aktuelle Informationen und brandhei\u00dfe News besucht auch unsere Social-Media-Kan\u00e4le bei Facebook und Instagram &nbsp; Notruf\u00a0 112 Retten &#8211; L\u00f6schen &#8211; Bergen &#8211; Sch\u00fctzen<\/p>\n","protected":false},"author":1,"featured_media":0,"parent":0,"menu_order":0,"comment_status":"closed","ping_status":"closed","template":"","meta":{"footnotes":""},"class_list":["post-6","page","type-page","status-publish","hentry"],"aioseo_notices":[],"acf":[],"_links":{"self":[{"href":"https:\/\/feuerwehr-heist.de\/index.php\/wp-json\/wp\/v2\/pages\/6","targetHints":{"allow":["GET"]}}],"collection":[{"href":"https:\/\/feuerwehr-heist.de\/index.php\/wp-json\/wp\/v2\/pages"}],"about":[{"href":"https:\/\/feuerwehr-heist.de\/index.php\/wp-json\/wp\/v2\/types\/page"}],"author":[{"embeddable":true,"href":"https:\/\/feuerwehr-heist.de\/index.php\/wp-json\/wp\/v2\/users\/1"}],"replies":[{"embeddable":true,"href":"https:\/\/feuerwehr-heist.de\/index.php\/wp-json\/wp\/v2\/comments?post=6"}],"version-history":[{"count":11,"href":"https:\/\/feuerwehr-heist.de\/index.php\/wp-json\/wp\/v2\/pages\/6\/revisions"}],"predecessor-version":[{"id":416,"href":"https:\/\/feuerwehr-heist.de\/index.php\/wp-json\/wp\/v2\/pages\/6\/revisions\/416"}],"wp:attachment":[{"href":"https:\/\/feuerwehr-heist.de\/index.php\/wp-json\/wp\/v2\/media?parent=6"}],"curies":[{"name":"wp","href":"https:\/\/api.w.org\/{rel}","templated":true}]}}