{"id":52,"date":"2019-07-24T21:40:05","date_gmt":"2019-07-24T19:40:05","guid":{"rendered":"http:\/\/feuerwehr-heist.com\/?page_id=52"},"modified":"2023-08-03T10:39:15","modified_gmt":"2023-08-03T08:39:15","slug":"jugendfeuerwehr","status":"publish","type":"page","link":"https:\/\/feuerwehr-heist.de\/index.php\/jugendfeuerwehr\/","title":{"rendered":"Jugendfeuerwehr"},"content":{"rendered":"\n\n\t<p><strong><em>Die Jugendfeuerwehr<\/em><\/strong><\/p>\n\tGegr\u00fcndet wurde die Jugendfeuerwehr Heist am 28. Februar 2008. Gr\u00fcndungsmitglieder waren Bernd Hahlbrock, Ernst-Niko Koberg, Kay Lohse, Rolf L\u00fctje, Dirk Peters, Knut Plehn, Marco Timm und Arne Zorn.<br \/>\nDer erste Jugendfeuerwehrwart war Ernst-Niko Koberg mit seinem Stellvertreter Knut Plehn.<br \/>\nMit 20 Kindern und Jugendlichen ging man seinerzeit an den Start und seitdem wurde eine Vielzahl von Diensten mit Feuerwehr- aber auch jugendpflegerischem Hintergrund absolviert. Die Teilnahme am Pfingstzeltlager, am traditionellen Feuerwehrmarsch der Kreisfeuerwehrverb\u00e4nde Pinneberg und Steinburg oder auch der Besuch im Klettergarten in Heist sind nur einige unserer Dienste. Aber auch das Engagement in unserem Dorf kommt mit Aktionen wie \u201eSchutz des T\u00e4vsmoor&#8220; oder die Teilnahme an der Aktion \u201eUnser sauberes Schleswig-Holstein&#8220; nicht zu kurz.\n\t\t\t\t<img loading=\"lazy\" decoding=\"async\" src=\"https:\/\/feuerwehr-heist.de\/wp-content\/uploads\/2023\/01\/JF_Fahrz_mit_Anh-e1675182520615.jpeg\" alt=\"JF_Fahrz_mit_Anh\" itemprop=\"image\" height=\"880\" width=\"1200\" title=\"JF_Fahrz_mit_Anh\" onerror=\"this.style.display='none'\"  \/>\n\n","protected":false},"excerpt":{"rendered":"<p>Die Jugendfeuerwehr Gegr\u00fcndet wurde die Jugendfeuerwehr Heist am 28. Februar 2008. Gr\u00fcndungsmitglieder waren Bernd Hahlbrock, Ernst-Niko Koberg, Kay Lohse, Rolf L\u00fctje, Dirk Peters, Knut Plehn, Marco Timm und Arne Zorn. Der erste Jugendfeuerwehrwart war Ernst-Niko Koberg mit seinem Stellvertreter Knut Plehn. Mit 20 Kindern und Jugendlichen ging man seinerzeit an den Start und seitdem wurde eine Vielzahl von Diensten mit Feuerwehr- aber auch jugendpflegerischem Hintergrund absolviert. Die Teilnahme am Pfingstzeltlager, am traditionellen Feuerwehrmarsch der Kreisfeuerwehrverb\u00e4nde Pinneberg und Steinburg oder auch der Besuch im Klettergarten in Heist sind nur einige unserer Dienste. Aber auch das Engagement in unserem Dorf kommt mit Aktionen wie \u201eSchutz des T\u00e4vsmoor&#8220; oder die Teilnahme an der Aktion \u201eUnser sauberes Schleswig-Holstein&#8220; nicht zu kurz.<\/p>\n","protected":false},"author":1,"featured_media":0,"parent":0,"menu_order":0,"comment_status":"closed","ping_status":"closed","template":"","meta":{"footnotes":""},"class_list":["post-52","page","type-page","status-publish","hentry"],"aioseo_notices":[],"acf":[],"_links":{"self":[{"href":"https:\/\/feuerwehr-heist.de\/index.php\/wp-json\/wp\/v2\/pages\/52","targetHints":{"allow":["GET"]}}],"collection":[{"href":"https:\/\/feuerwehr-heist.de\/index.php\/wp-json\/wp\/v2\/pages"}],"about":[{"href":"https:\/\/feuerwehr-heist.de\/index.php\/wp-json\/wp\/v2\/types\/page"}],"author":[{"embeddable":true,"href":"https:\/\/feuerwehr-heist.de\/index.php\/wp-json\/wp\/v2\/users\/1"}],"replies":[{"embeddable":true,"href":"https:\/\/feuerwehr-heist.de\/index.php\/wp-json\/wp\/v2\/comments?post=52"}],"version-history":[{"count":10,"href":"https:\/\/feuerwehr-heist.de\/index.php\/wp-json\/wp\/v2\/pages\/52\/revisions"}],"predecessor-version":[{"id":358,"href":"https:\/\/feuerwehr-heist.de\/index.php\/wp-json\/wp\/v2\/pages\/52\/revisions\/358"}],"wp:attachment":[{"href":"https:\/\/feuerwehr-heist.de\/index.php\/wp-json\/wp\/v2\/media?parent=52"}],"curies":[{"name":"wp","href":"https:\/\/api.w.org\/{rel}","templated":true}]}}