{"id":347,"date":"2023-08-02T17:48:18","date_gmt":"2023-08-02T15:48:18","guid":{"rendered":"https:\/\/feuerwehr-heist.de\/?page_id=347"},"modified":"2024-12-01T10:46:27","modified_gmt":"2024-12-01T09:46:27","slug":"foerderverein","status":"publish","type":"page","link":"https:\/\/feuerwehr-heist.de\/index.php\/jugendfeuerwehr\/foerderverein\/","title":{"rendered":"F\u00f6rderverein"},"content":{"rendered":"\n\n\t<p><em><strong>F\u00f6rderverein der Jugendfeuerwehr Heist<\/strong><\/em><\/p>\n\t<p>Der F\u00f6rderverein der Jugendfeuerwehr Heist e.V. hatte seine Gr\u00fcndungsversammlung am 19.06.2009 in der Feldstra\u00dfe 4 in Heist. <\/p>\n<p>Bernd Hahlbrock, Ernst-Niko Koberg, Kay Lohse, Rolf L\u00fctje, Torben M\u00f6ller, Dirk Peters, Knut Plehn, Andreas Schlakat, Marco Timm und Arne Zorn gr\u00fcndeten den Verein mit dem Satzungszweck der F\u00f6rderung der Jugendhilfe und des Feuerschutzes. <\/p>\nHieraus ging die von Kay Lohse initiierte Projektreihe &#8222;Poltische Bildung und F\u00f6rderung des Demokratieverst\u00e4ndnis&#8220; welche es so bislang im Kreise der Jugendfeuerwehren in Deutschland so noch nicht gegeben hat. Die Kinder und Jugendlichen der Jugendfeuerwehr Heist befragten den B\u00fcrgermeister der Gemeinde Heist, besuchten eine Ausschusssitzung der Gemeinde Heist, diskutierten mit dem b\u00fcroleitenden Beamten vom Amt Moorrege, waren beim Landrat des Kreises Pinneberg oder luden die feuerwehrpolitische Sprecherin der SPD Fraktion im Kieler Landtag zum Gespr\u00e4ch ein.<br \/>\nWir sprachen mit aus Syrien gefl\u00fcchteten Jugendlichen, diskutierten mit dem Landtagsabgeordneten Ernst-Dieter Rossmann und besuchten auf seine Einladung hin den Bundestag in Berlin. Weiter besuchten den Amtsdirektor vom Amt Geest und Marsch S\u00fcdholstein, Herrn Rainer J\u00fcrgensen in seinem neuen Amtsgeb\u00e4ude in Heist und hatten die Landtagsabgeordnete Wiebke Zweig, Sprecherin f\u00fcr Wissenschaft und Forschung, politische Bildung, sowie Ehrenamt, Feuerwehr und Katastrophenschutz zu Gast in unserer Wache. Der Besuch einer Sitzung des Gemeinderates war unser Highlight in 2024.<br \/>\n\nDie Umsetzung und Organisation dieser Veranstaltungen obliegt dem Vorstand um Kay Lohse (Vorsitzender), Karina Kumnick (stellv. Vorsitzende), Luis Ossenbr\u00fcggen (Kassenwart) sowie Susanne Ruge-Hagelstein (Schriftf\u00fchrerin) herum.<br \/>\nDer Verein hat derzeit 54 Mitglieder und nimmt jederzeit gern weitere auf!\n\n","protected":false},"excerpt":{"rendered":"<p>F\u00f6rderverein der Jugendfeuerwehr Heist Der F\u00f6rderverein der Jugendfeuerwehr Heist e.V. hatte seine Gr\u00fcndungsversammlung am 19.06.2009 in der Feldstra\u00dfe 4 in Heist. Bernd Hahlbrock, Ernst-Niko Koberg, Kay Lohse, Rolf L\u00fctje, Torben M\u00f6ller, Dirk Peters, Knut Plehn, Andreas Schlakat, Marco Timm und Arne Zorn gr\u00fcndeten den Verein mit dem Satzungszweck der F\u00f6rderung der Jugendhilfe und des Feuerschutzes. Hieraus ging die von Kay Lohse initiierte Projektreihe &#8222;Poltische Bildung und F\u00f6rderung des Demokratieverst\u00e4ndnis&#8220; welche es so bislang im Kreise der Jugendfeuerwehren in Deutschland so noch nicht gegeben hat. Die Kinder und Jugendlichen der Jugendfeuerwehr Heist befragten den B\u00fcrgermeister der Gemeinde Heist, besuchten eine Ausschusssitzung der Gemeinde Heist, diskutierten mit dem b\u00fcroleitenden Beamten vom Amt Moorrege, waren beim Landrat des Kreises Pinneberg oder luden die feuerwehrpolitische Sprecherin der SPD Fraktion im Kieler Landtag zum Gespr\u00e4ch ein. Wir sprachen mit aus Syrien gefl\u00fcchteten Jugendlichen, diskutierten mit dem Landtagsabgeordneten Ernst-Dieter Rossmann und besuchten auf seine Einladung hin den Bundestag in Berlin. Weiter besuchten den Amtsdirektor vom Amt Geest und Marsch S\u00fcdholstein, Herrn Rainer J\u00fcrgensen in seinem neuen Amtsgeb\u00e4ude in Heist und hatten die Landtagsabgeordnete Wiebke Zweig, Sprecherin f\u00fcr Wissenschaft und Forschung, politische Bildung, sowie Ehrenamt, Feuerwehr und Katastrophenschutz zu Gast in unserer Wache. Der Besuch einer Sitzung des Gemeinderates war unser Highlight in 2024. Die Umsetzung und Organisation dieser Veranstaltungen obliegt dem Vorstand um Kay Lohse (Vorsitzender), Karina Kumnick (stellv. Vorsitzende), Luis Ossenbr\u00fcggen (Kassenwart) sowie Susanne Ruge-Hagelstein (Schriftf\u00fchrerin) herum. Der Verein hat derzeit 54 Mitglieder und nimmt jederzeit gern weitere auf!<\/p>\n","protected":false},"author":1,"featured_media":0,"parent":52,"menu_order":4,"comment_status":"closed","ping_status":"closed","template":"","meta":{"footnotes":""},"class_list":["post-347","page","type-page","status-publish","hentry"],"aioseo_notices":[],"acf":[],"_links":{"self":[{"href":"https:\/\/feuerwehr-heist.de\/index.php\/wp-json\/wp\/v2\/pages\/347","targetHints":{"allow":["GET"]}}],"collection":[{"href":"https:\/\/feuerwehr-heist.de\/index.php\/wp-json\/wp\/v2\/pages"}],"about":[{"href":"https:\/\/feuerwehr-heist.de\/index.php\/wp-json\/wp\/v2\/types\/page"}],"author":[{"embeddable":true,"href":"https:\/\/feuerwehr-heist.de\/index.php\/wp-json\/wp\/v2\/users\/1"}],"replies":[{"embeddable":true,"href":"https:\/\/feuerwehr-heist.de\/index.php\/wp-json\/wp\/v2\/comments?post=347"}],"version-history":[{"count":7,"href":"https:\/\/feuerwehr-heist.de\/index.php\/wp-json\/wp\/v2\/pages\/347\/revisions"}],"predecessor-version":[{"id":367,"href":"https:\/\/feuerwehr-heist.de\/index.php\/wp-json\/wp\/v2\/pages\/347\/revisions\/367"}],"up":[{"embeddable":true,"href":"https:\/\/feuerwehr-heist.de\/index.php\/wp-json\/wp\/v2\/pages\/52"}],"wp:attachment":[{"href":"https:\/\/feuerwehr-heist.de\/index.php\/wp-json\/wp\/v2\/media?parent=347"}],"curies":[{"name":"wp","href":"https:\/\/api.w.org\/{rel}","templated":true}]}}