{"id":244,"date":"2023-02-01T16:13:48","date_gmt":"2023-02-01T15:13:48","guid":{"rendered":"http:\/\/feuerwehr-heist.com\/?page_id=244"},"modified":"2025-12-01T16:57:01","modified_gmt":"2025-12-01T15:57:01","slug":"mzf","status":"publish","type":"page","link":"https:\/\/feuerwehr-heist.de\/index.php\/hlf-20\/mzf\/","title":{"rendered":"MZF"},"content":{"rendered":"\n\n<p><em><strong>Mehrzweckfahrzeug MZF<\/strong><\/em><\/p>\n<p><strong>Funkrufname:\u00a0Florian-Pinneberg-45-14-01<\/strong><\/p>\n<p>Besatzung: 8 Kameraden<\/p>\nIndienststellung 2017<br \/>\nVerwendungszweck:<br \/>\nEinsatzfahrzeug der First-Responder-Gruppe, Einsatzleitwagen, Mannschafts- und Ger\u00e4tetransport\nSonderausstattung:<br \/>\nNotfallmedizinsche Ausr\u00fcstung, u.a. Sauerstoff-, Trauma,- &amp; Kindernotfalltasche &#8211; Schleifkorbtrage &#8211; Schnelleinsatzzelt &#8211; Power Moon Lichtmast &#8211; Material zur Einsatzstellendekontamination<br \/>\nZus\u00e4tzliche W\u00e4rmebildkamera &#8211; Umfangreiche Funkaustattung &#8211; verschiedene analoge und digitale Einsatzf\u00fchrungsmittel &#8211; Markise, Klapptisch, Sitzm\u00f6glichkeiten\n\t\t\t\t<img decoding=\"async\" src=\"https:\/\/feuerwehr-heist.de\/wp-content\/uploads\/2025\/12\/image7-e1764597951240.jpeg\" alt=\"image7\" itemprop=\"image\" height=\"390\" width=\"500\" title=\"image7\" onerror=\"this.style.display='none'\" loading=\"lazy\" \/>\n\t\t\t\t<img decoding=\"async\" src=\"https:\/\/feuerwehr-heist.de\/wp-content\/uploads\/2025\/12\/image8.jpeg\" alt=\"image8\" itemprop=\"image\" height=\"1200\" width=\"1600\" title=\"image8\" onerror=\"this.style.display='none'\" loading=\"lazy\" \/>\n\n","protected":false},"excerpt":{"rendered":"<p>Mehrzweckfahrzeug MZF Funkrufname:\u00a0Florian-Pinneberg-45-14-01 Besatzung: 8 Kameraden Indienststellung 2017 Verwendungszweck: Einsatzfahrzeug der First-Responder-Gruppe, Einsatzleitwagen, Mannschafts- und Ger\u00e4tetransport Sonderausstattung: Notfallmedizinsche Ausr\u00fcstung, u.a. Sauerstoff-, Trauma,- &amp; Kindernotfalltasche &#8211; Schleifkorbtrage &#8211; Schnelleinsatzzelt &#8211; Power Moon Lichtmast &#8211; Material zur Einsatzstellendekontamination Zus\u00e4tzliche W\u00e4rmebildkamera &#8211; Umfangreiche Funkaustattung &#8211; verschiedene analoge und digitale Einsatzf\u00fchrungsmittel &#8211; Markise, Klapptisch, Sitzm\u00f6glichkeiten<\/p>\n","protected":false},"author":1,"featured_media":0,"parent":236,"menu_order":3,"comment_status":"closed","ping_status":"closed","template":"","meta":{"footnotes":""},"class_list":["post-244","page","type-page","status-publish","hentry"],"aioseo_notices":[],"acf":[],"_links":{"self":[{"href":"https:\/\/feuerwehr-heist.de\/index.php\/wp-json\/wp\/v2\/pages\/244","targetHints":{"allow":["GET"]}}],"collection":[{"href":"https:\/\/feuerwehr-heist.de\/index.php\/wp-json\/wp\/v2\/pages"}],"about":[{"href":"https:\/\/feuerwehr-heist.de\/index.php\/wp-json\/wp\/v2\/types\/page"}],"author":[{"embeddable":true,"href":"https:\/\/feuerwehr-heist.de\/index.php\/wp-json\/wp\/v2\/users\/1"}],"replies":[{"embeddable":true,"href":"https:\/\/feuerwehr-heist.de\/index.php\/wp-json\/wp\/v2\/comments?post=244"}],"version-history":[{"count":6,"href":"https:\/\/feuerwehr-heist.de\/index.php\/wp-json\/wp\/v2\/pages\/244\/revisions"}],"predecessor-version":[{"id":405,"href":"https:\/\/feuerwehr-heist.de\/index.php\/wp-json\/wp\/v2\/pages\/244\/revisions\/405"}],"up":[{"embeddable":true,"href":"https:\/\/feuerwehr-heist.de\/index.php\/wp-json\/wp\/v2\/pages\/236"}],"wp:attachment":[{"href":"https:\/\/feuerwehr-heist.de\/index.php\/wp-json\/wp\/v2\/media?parent=244"}],"curies":[{"name":"wp","href":"https:\/\/api.w.org\/{rel}","templated":true}]}}