{"id":238,"date":"2023-02-01T16:12:35","date_gmt":"2023-02-01T15:12:35","guid":{"rendered":"http:\/\/feuerwehr-heist.com\/?page_id=238"},"modified":"2025-12-01T17:01:16","modified_gmt":"2025-12-01T16:01:16","slug":"tlf-8-18","status":"publish","type":"page","link":"https:\/\/feuerwehr-heist.de\/index.php\/hlf-20\/tlf-8-18\/","title":{"rendered":"TLF 8\/18"},"content":{"rendered":"\n\n<p><em><b>L\u00f6schfahrzeug LF10<\/b><\/em><\/p>\n<p><strong>Funkrufname: Florian-Pinneberg-45-47-<wbr \/>01<\/strong><\/p>\n<p>Besatzung: 9 Kameraden<\/p>\nErstausr\u00fccker bei: Feuermeldungen<br \/>\nIndienststellung: 2023<br \/>\nFahrgestell: MB Atego 1730 AF<br \/>\nAufbau: Fa. Schlingmann<br \/>\nWassertank: 3400l<br \/>\nSchaummittel: 120l<br \/>\nFeuerl\u00f6schkreiselpumpe FPN 10-2000 inkl. Schaumzumischanlage\nSonderausstattung:<br \/>\nWasserwerfer \/ Dachmonitor mit 2000l\/min &#8211; 4 Atemschutzger\u00e4te im Mannschaftsraum &#8211; Seilwinde 60 kN &#8211; Einbaugenerator 5kVA &#8211; tragbare Feuerl\u00f6schkreiselpumpe &#8211; Akku-Hochleistungsl\u00fcfter &#8211; Waldbrandausstattung &#8211; D\u00fcsenschlauch &#8211; Schornsteinfegergeschirr &#8211; Nebell\u00f6schsystem u.v.m.\n\t\t\t\t<img decoding=\"async\" src=\"https:\/\/feuerwehr-heist.de\/wp-content\/uploads\/2025\/12\/image1.jpeg\" alt=\"image1\" itemprop=\"image\" height=\"452\" width=\"640\" title=\"image1\" onerror=\"this.style.display='none'\" loading=\"lazy\" \/>\n\t\t\t\t<img decoding=\"async\" src=\"https:\/\/feuerwehr-heist.de\/wp-content\/uploads\/2025\/12\/image4.jpeg\" alt=\"image4\" itemprop=\"image\" height=\"428\" width=\"640\" title=\"image4\" onerror=\"this.style.display='none'\" loading=\"lazy\" \/>\n\n","protected":false},"excerpt":{"rendered":"<p>L\u00f6schfahrzeug LF10 Funkrufname: Florian-Pinneberg-45-47-01 Besatzung: 9 Kameraden Erstausr\u00fccker bei: Feuermeldungen Indienststellung: 2023 Fahrgestell: MB Atego 1730 AF Aufbau: Fa. Schlingmann Wassertank: 3400l Schaummittel: 120l Feuerl\u00f6schkreiselpumpe FPN 10-2000 inkl. Schaumzumischanlage Sonderausstattung: Wasserwerfer \/ Dachmonitor mit 2000l\/min &#8211; 4 Atemschutzger\u00e4te im Mannschaftsraum &#8211; Seilwinde 60 kN &#8211; Einbaugenerator 5kVA &#8211; tragbare Feuerl\u00f6schkreiselpumpe &#8211; Akku-Hochleistungsl\u00fcfter &#8211; Waldbrandausstattung &#8211; D\u00fcsenschlauch &#8211; Schornsteinfegergeschirr &#8211; Nebell\u00f6schsystem u.v.m.<\/p>\n","protected":false},"author":1,"featured_media":0,"parent":236,"menu_order":1,"comment_status":"closed","ping_status":"closed","template":"","meta":{"footnotes":""},"class_list":["post-238","page","type-page","status-publish","hentry"],"aioseo_notices":[],"acf":[],"_links":{"self":[{"href":"https:\/\/feuerwehr-heist.de\/index.php\/wp-json\/wp\/v2\/pages\/238","targetHints":{"allow":["GET"]}}],"collection":[{"href":"https:\/\/feuerwehr-heist.de\/index.php\/wp-json\/wp\/v2\/pages"}],"about":[{"href":"https:\/\/feuerwehr-heist.de\/index.php\/wp-json\/wp\/v2\/types\/page"}],"author":[{"embeddable":true,"href":"https:\/\/feuerwehr-heist.de\/index.php\/wp-json\/wp\/v2\/users\/1"}],"replies":[{"embeddable":true,"href":"https:\/\/feuerwehr-heist.de\/index.php\/wp-json\/wp\/v2\/comments?post=238"}],"version-history":[{"count":7,"href":"https:\/\/feuerwehr-heist.de\/index.php\/wp-json\/wp\/v2\/pages\/238\/revisions"}],"predecessor-version":[{"id":407,"href":"https:\/\/feuerwehr-heist.de\/index.php\/wp-json\/wp\/v2\/pages\/238\/revisions\/407"}],"up":[{"embeddable":true,"href":"https:\/\/feuerwehr-heist.de\/index.php\/wp-json\/wp\/v2\/pages\/236"}],"wp:attachment":[{"href":"https:\/\/feuerwehr-heist.de\/index.php\/wp-json\/wp\/v2\/media?parent=238"}],"curies":[{"name":"wp","href":"https:\/\/api.w.org\/{rel}","templated":true}]}}